{"id":34,"date":"2013-11-18T05:29:36","date_gmt":"2013-11-18T04:29:36","guid":{"rendered":"http:\/\/alumni-mpm.de\/wordpress\/?page_id=34"},"modified":"2024-09-15T15:33:25","modified_gmt":"2024-09-15T13:33:25","slug":"vorstand","status":"publish","type":"page","link":"https:\/\/alumni-mpm.de\/wordpress\/vorstand\/","title":{"rendered":"Vorstand"},"content":{"rendered":"<p><span style=\"color: #000000;\">Stefanie Kalinowski &#8211; Erste Vorsitzende<\/span><\/p>\n<p><span style=\"color: #000000;\">Helge Meyer &#8211; Zweiter Vorsitzender<\/span><\/p>\n<p><span style=\"color: #000000;\">Amelie Sigg &#8211; Schriftf\u00fchrerin<\/span><\/p>\n<p><span style=\"color: #000000;\">Maike Sch\u00e4fer &#8211; Schatzmeisterin<\/span><\/p>\n<p><span style=\"color: #000000;\">Lisa Kucher-Balgheim <\/span>&#8211; Beisitzerin<\/p>\n<p><span style=\"color: #000000;\">Anne Hesse <\/span>&#8211; Beisitzerin<\/p>\n<p><span style=\"color: #000000;\">Ranjana Hoffmann <\/span>&#8211; Beisitzerin<\/p>\n<p><!--more--><\/p>\n<h2><span style=\"color: #38318a;\"><b>Auszug aus der <a style=\"color: #ff0000;\" title=\"Satzung\" href=\"http:\/\/alumni-mpm.de\/wordpress\/wp-content\/uploads\/2013\/08\/20130312-Satzung-V2.pdf\" target=\"_blank\" rel=\"noopener\">Satzung<\/a>: \u00a7 8 Vorstand<\/b><\/span><\/h2>\n<p>(1)\u00a0\u00a0\u00a0\u00a0 Der Vorstand besteht aus einem\/einer 1. Vorsitzenden, einem\/einer stellvertretenden Vorsitzenden, einem\/einer Schriftf\u00fchrer\/in, einem\/einer Schatzmeister\/in und bis zu f\u00fcnf ebenfalls stimmberechtigten Beisitzenden. Er setzt sich zusammen aus Absolventen sowie Studierenden.<\/p>\n<p>(2)\u00a0\u00a0\u00a0\u00a0 Der Vorstand und die Beisitzenden werden von der Mitgliederversammlung f\u00fcr die Dauer von zwei Jahren mit einfacher Mehrheit gew\u00e4hlt. Sie bleiben solange im Amt, bis eine Neuwahl erfolgt. Scheidet ein Mitglied des Vorstands w\u00e4hrend einer Amtsperiode vorzeitig aus, w\u00e4hlt der Vorstand ein Ersatzmitglied f\u00fcr den Rest der Amtsdauer des ausgeschiedenen Vorstandsmitglieds. Wiederwahl ist m\u00f6glich. Der Vorstand ist f\u00fcr alle Angelegenheiten des Vereins zust\u00e4ndig, soweit sie nicht durch Satzung der Mitgliederversammlung \u00fcbertragen sind. Der Vorstand ist beschlussf\u00e4hig, wenn mindestens die H\u00e4lfte seiner Mitglieder, darunter ein\/e Vorsitzende\/r, anwesend sind. Er entscheidet mit einfacher Stimmenmehrheit der anwesenden Vorstandsmitglieder. \u00dcber alle Sitzungen des Vorstands ist Protokoll zu f\u00fchren, das von der\/dem Vorsitzenden und dem\/der Protokollf\u00fchrer\/in zu unterschreiben ist.<\/p>\n<p>(3)\u00a0\u00a0\u00a0\u00a0 Der\/Die Studiendekan\/in des Masterstudiengangs Public Management an der Hochschule Ludwigsburg oder eine von ihm\/ihr benannte Person kann zu Vorstandssitzungen eingeladen werden. Es besteht kein Stimmrecht.<\/p>\n<p>(4)\u00a0\u00a0\u00a0\u00a0 Der Vorstand gibt sich eine <a title=\"Gesch\u00e4ftsordnung\" href=\"http:\/\/alumni-mpm.de\/wordpress\/wp-content\/uploads\/2013\/08\/20130315-Gesch\u00e4ftsordnung.pdf\" target=\"_blank\" rel=\"noopener\">Gesch\u00e4ftsordnung<\/a>.<\/p>\n","protected":false},"excerpt":{"rendered":"<p>Stefanie Kalinowski &#8211; Erste Vorsitzende Helge Meyer &#8211; Zweiter Vorsitzender Amelie Sigg &#8211; Schriftf\u00fchrerin Maike Sch\u00e4fer &#8211; Schatzmeisterin Lisa Kucher-Balgheim &#8211; Beisitzerin Anne Hesse &#8211; Beisitzerin Ranjana Hoffmann &#8211; Beisitzerin<\/p>\n","protected":false},"author":5,"featured_media":0,"parent":0,"menu_order":2,"comment_status":"closed","ping_status":"closed","template":"","meta":{"_kadence_starter_templates_imported_post":false,"_kad_post_transparent":"","_kad_post_title":"","_kad_post_layout":"","_kad_post_sidebar_id":"","_kad_post_content_style":"","_kad_post_vertical_padding":"","_kad_post_feature":"","_kad_post_feature_position":"","_kad_post_header":false,"_kad_post_footer":false,"footnotes":""},"class_list":["post-34","page","type-page","status-publish","hentry"],"_links":{"self":[{"href":"https:\/\/alumni-mpm.de\/wordpress\/wp-json\/wp\/v2\/pages\/34","targetHints":{"allow":["GET"]}}],"collection":[{"href":"https:\/\/alumni-mpm.de\/wordpress\/wp-json\/wp\/v2\/pages"}],"about":[{"href":"https:\/\/alumni-mpm.de\/wordpress\/wp-json\/wp\/v2\/types\/page"}],"author":[{"embeddable":true,"href":"https:\/\/alumni-mpm.de\/wordpress\/wp-json\/wp\/v2\/users\/5"}],"replies":[{"embeddable":true,"href":"https:\/\/alumni-mpm.de\/wordpress\/wp-json\/wp\/v2\/comments?post=34"}],"version-history":[{"count":26,"href":"https:\/\/alumni-mpm.de\/wordpress\/wp-json\/wp\/v2\/pages\/34\/revisions"}],"predecessor-version":[{"id":1383,"href":"https:\/\/alumni-mpm.de\/wordpress\/wp-json\/wp\/v2\/pages\/34\/revisions\/1383"}],"wp:attachment":[{"href":"https:\/\/alumni-mpm.de\/wordpress\/wp-json\/wp\/v2\/media?parent=34"}],"curies":[{"name":"wp","href":"https:\/\/api.w.org\/{rel}","templated":true}]}}